{"id":65,"date":"2021-05-15T19:31:54","date_gmt":"2021-05-15T17:31:54","guid":{"rendered":"http:\/\/platnosci-mup.pl\/?page_id=65"},"modified":"2025-09-05T17:26:11","modified_gmt":"2025-09-05T15:26:11","slug":"strona-glowna","status":"publish","type":"page","link":"https:\/\/platnosci-mup.pl\/","title":{"rendered":"Wybierz p\u0142atno\u015b\u0107"},"content":{"rendered":"\t\t<div data-elementor-type=\"wp-page\" data-elementor-id=\"65\" class=\"elementor elementor-65\">\n\t\t\t\t<section class=\"elementor-section elementor-top-section elementor-element elementor-element-322ddb37 elementor-section-boxed elementor-section-height-default elementor-section-height-default\" data-id=\"322ddb37\" data-element_type=\"section\">\n\t\t\t\t\t\t<div class=\"elementor-container elementor-column-gap-default\">\n\t\t\t\t\t<div class=\"elementor-column elementor-col-100 elementor-top-column elementor-element elementor-element-32c623fd\" data-id=\"32c623fd\" data-element_type=\"column\">\n\t\t\t<div class=\"elementor-widget-wrap elementor-element-populated\">\n\t\t\t\t\t\t<div class=\"elementor-element elementor-element-c186e19 elementor-widget elementor-widget-spacer\" data-id=\"c186e19\" data-element_type=\"widget\" data-widget_type=\"spacer.default\">\n\t\t\t\t<div class=\"elementor-widget-container\">\n\t\t\t\t\t\t\t<div class=\"elementor-spacer\">\n\t\t\t<div class=\"elementor-spacer-inner\"><\/div>\n\t\t<\/div>\n\t\t\t\t\t\t<\/div>\n\t\t\t\t<\/div>\n\t\t\t\t<div class=\"elementor-element elementor-element-455f653e elementor-widget elementor-widget-text-editor\" data-id=\"455f653e\" data-element_type=\"widget\" data-widget_type=\"text-editor.default\">\n\t\t\t\t<div class=\"elementor-widget-container\"><div data-block-name=\"woocommerce\/product-new\" class=\"wc-block-grid wp-block-product-new wp-block-woocommerce-product-new wc-block-product-new has-3-columns has-multiple-rows\"><ul class=\"wc-block-grid__products\"><li class=\"wc-block-grid__product\">\n\t\t\t\t<a href=\"https:\/\/platnosci-mup.pl\/?product=oplata-rekrutacyjna-50-zl\" class=\"wc-block-grid__product-link\">\n\t\t\t\t\t\n\t\t\t\t\t<div class=\"wc-block-grid__product-image\"><img fetchpriority=\"high\" decoding=\"async\" width=\"278\" height=\"216\" src=\"https:\/\/platnosci-mup.pl\/wp-content\/uploads\/2022\/06\/Zrzut-ekranu-2022-12-15-o-11.38.05-e1687933049672-278x216.png\" class=\"attachment-woocommerce_thumbnail size-woocommerce_thumbnail\" alt=\"50 PLN- OP\u0141ATA REKRUTACYJNA\" \/><\/div>\n\t\t\t\t\t<div class=\"wc-block-grid__product-title\">50 PLN- OP\u0141ATA REKRUTACYJNA<\/div>\n\t\t\t\t<\/a>\n\t\t\t\t<div class=\"wc-block-grid__product-price price\"><span class=\"woocommerce-Price-amount amount\">50,00&nbsp;<span class=\"woocommerce-Price-currencySymbol\">&#122;&#322;<\/span><\/span><\/div>\n\t\t\t\t\n\t\t\t\t<div class=\"wp-block-button wc-block-grid__product-add-to-cart\"><a href=\"?add-to-cart=245\" aria-label=\"Dodaj do koszyka: &bdquo;50 PLN- OP\u0141ATA REKRUTACYJNA&rdquo;\" data-quantity=\"1\" data-product_id=\"245\" data-product_sku=\"\" data-price=\"50\" rel=\"nofollow\" class=\"wp-block-button__link  add_to_cart_button ajax_add_to_cart\">Dodaj do koszyka<\/a><\/div>\n\t\t\t<\/li><li class=\"wc-block-grid__product\">\n\t\t\t\t<a href=\"https:\/\/platnosci-mup.pl\/?product=100-pln-oplata-administracyjna-wniosek-raty\" class=\"wc-block-grid__product-link\">\n\t\t\t\t\t\n\t\t\t\t\t<div class=\"wc-block-grid__product-image\"><img decoding=\"async\" width=\"278\" height=\"216\" src=\"https:\/\/platnosci-mup.pl\/wp-content\/uploads\/2022\/06\/Zrzut-ekranu-2022-12-15-o-11.38.05-e1687933049672-278x216.png\" class=\"attachment-woocommerce_thumbnail size-woocommerce_thumbnail\" alt=\"100 PLN- OP\u0141ATA ADMINISTRACYJNA (wniosek raty)\" \/><\/div>\n\t\t\t\t\t<div class=\"wc-block-grid__product-title\">100 PLN- OP\u0141ATA ADMINISTRACYJNA (wniosek raty)<\/div>\n\t\t\t\t<\/a>\n\t\t\t\t<div class=\"wc-block-grid__product-price price\"><span class=\"woocommerce-Price-amount amount\">100,00&nbsp;<span class=\"woocommerce-Price-currencySymbol\">&#122;&#322;<\/span><\/span><\/div>\n\t\t\t\t\n\t\t\t\t<div class=\"wp-block-button wc-block-grid__product-add-to-cart\"><a href=\"?add-to-cart=12312\" aria-label=\"Dodaj do koszyka: &bdquo;100 PLN- OP\u0141ATA ADMINISTRACYJNA (wniosek raty)&rdquo;\" data-quantity=\"1\" data-product_id=\"12312\" data-product_sku=\"\" data-price=\"100\" rel=\"nofollow\" class=\"wp-block-button__link  add_to_cart_button ajax_add_to_cart\">Dodaj do koszyka<\/a><\/div>\n\t\t\t<\/li><li class=\"wc-block-grid__product\">\n\t\t\t\t<a href=\"https:\/\/platnosci-mup.pl\/?product=390-pln-rata-miesieczna\" class=\"wc-block-grid__product-link\">\n\t\t\t\t\t\n\t\t\t\t\t<div class=\"wc-block-grid__product-image\"><img decoding=\"async\" width=\"278\" height=\"216\" src=\"https:\/\/platnosci-mup.pl\/wp-content\/uploads\/2022\/06\/Zrzut-ekranu-2022-12-15-o-11.38.05-e1687933049672-278x216.png\" class=\"attachment-woocommerce_thumbnail size-woocommerce_thumbnail\" alt=\"390 PLN- rata miesi\u0119czna\" \/><\/div>\n\t\t\t\t\t<div class=\"wc-block-grid__product-title\">390 PLN- rata miesi\u0119czna<\/div>\n\t\t\t\t<\/a>\n\t\t\t\t<div class=\"wc-block-grid__product-price price\"><span class=\"woocommerce-Price-amount amount\">390,00&nbsp;<span class=\"woocommerce-Price-currencySymbol\">&#122;&#322;<\/span><\/span><\/div>\n\t\t\t\t\n\t\t\t\t<div class=\"wp-block-button wc-block-grid__product-add-to-cart\"><a href=\"?add-to-cart=12320\" aria-label=\"Dodaj do koszyka: &bdquo;390 PLN- rata miesi\u0119czna&rdquo;\" data-quantity=\"1\" data-product_id=\"12320\" data-product_sku=\"\" data-price=\"390\" rel=\"nofollow\" class=\"wp-block-button__link  add_to_cart_button ajax_add_to_cart\">Dodaj do koszyka<\/a><\/div>\n\t\t\t<\/li><li class=\"wc-block-grid__product\">\n\t\t\t\t<a href=\"https:\/\/platnosci-mup.pl\/?product=290-pln-rata-miesieczna\" class=\"wc-block-grid__product-link\">\n\t\t\t\t\t\n\t\t\t\t\t<div class=\"wc-block-grid__product-image\"><img loading=\"lazy\" decoding=\"async\" width=\"278\" height=\"216\" src=\"https:\/\/platnosci-mup.pl\/wp-content\/uploads\/2022\/06\/Zrzut-ekranu-2022-12-15-o-11.38.05-e1687933049672-278x216.png\" class=\"attachment-woocommerce_thumbnail size-woocommerce_thumbnail\" alt=\"290 PLN- rata miesi\u0119czna\" \/><\/div>\n\t\t\t\t\t<div class=\"wc-block-grid__product-title\">290 PLN- rata miesi\u0119czna<\/div>\n\t\t\t\t<\/a>\n\t\t\t\t<div class=\"wc-block-grid__product-price price\"><span class=\"woocommerce-Price-amount amount\">290,00&nbsp;<span class=\"woocommerce-Price-currencySymbol\">&#122;&#322;<\/span><\/span><\/div>\n\t\t\t\t\n\t\t\t\t<div class=\"wp-block-button wc-block-grid__product-add-to-cart\"><a href=\"?add-to-cart=12319\" aria-label=\"Dodaj do koszyka: &bdquo;290 PLN- rata miesi\u0119czna&rdquo;\" data-quantity=\"1\" data-product_id=\"12319\" data-product_sku=\"\" data-price=\"290\" rel=\"nofollow\" class=\"wp-block-button__link  add_to_cart_button ajax_add_to_cart\">Dodaj do koszyka<\/a><\/div>\n\t\t\t<\/li><li class=\"wc-block-grid__product\">\n\t\t\t\t<a href=\"https:\/\/platnosci-mup.pl\/?product=190-pln-rata-miesieczna\" class=\"wc-block-grid__product-link\">\n\t\t\t\t\t\n\t\t\t\t\t<div class=\"wc-block-grid__product-image\"><img loading=\"lazy\" decoding=\"async\" width=\"278\" height=\"216\" src=\"https:\/\/platnosci-mup.pl\/wp-content\/uploads\/2022\/06\/Zrzut-ekranu-2022-12-15-o-11.38.05-e1687933049672-278x216.png\" class=\"attachment-woocommerce_thumbnail size-woocommerce_thumbnail\" alt=\"190 PLN- rata miesi\u0119czna\" \/><\/div>\n\t\t\t\t\t<div class=\"wc-block-grid__product-title\">190 PLN- rata miesi\u0119czna<\/div>\n\t\t\t\t<\/a>\n\t\t\t\t<div class=\"wc-block-grid__product-price price\"><span class=\"woocommerce-Price-amount amount\">190,00&nbsp;<span class=\"woocommerce-Price-currencySymbol\">&#122;&#322;<\/span><\/span><\/div>\n\t\t\t\t\n\t\t\t\t<div class=\"wp-block-button wc-block-grid__product-add-to-cart\"><a href=\"?add-to-cart=12318\" aria-label=\"Dodaj do koszyka: &bdquo;190 PLN- rata miesi\u0119czna&rdquo;\" data-quantity=\"1\" data-product_id=\"12318\" data-product_sku=\"\" data-price=\"190\" rel=\"nofollow\" class=\"wp-block-button__link  add_to_cart_button ajax_add_to_cart\">Dodaj do koszyka<\/a><\/div>\n\t\t\t<\/li><li class=\"wc-block-grid__product\">\n\t\t\t\t<a href=\"https:\/\/platnosci-mup.pl\/?product=950-pln-czesne-za-semestr\" class=\"wc-block-grid__product-link\">\n\t\t\t\t\t\n\t\t\t\t\t<div class=\"wc-block-grid__product-image\"><img loading=\"lazy\" decoding=\"async\" width=\"278\" height=\"216\" src=\"https:\/\/platnosci-mup.pl\/wp-content\/uploads\/2022\/06\/Zrzut-ekranu-2022-12-15-o-11.38.05-e1687933049672-278x216.png\" class=\"attachment-woocommerce_thumbnail size-woocommerce_thumbnail\" alt=\"950 PLN- czesne za semestr\" \/><\/div>\n\t\t\t\t\t<div class=\"wc-block-grid__product-title\">950 PLN- czesne za semestr<\/div>\n\t\t\t\t<\/a>\n\t\t\t\t<div class=\"wc-block-grid__product-price price\"><span class=\"woocommerce-Price-amount amount\">950,00&nbsp;<span class=\"woocommerce-Price-currencySymbol\">&#122;&#322;<\/span><\/span><\/div>\n\t\t\t\t\n\t\t\t\t<div class=\"wp-block-button wc-block-grid__product-add-to-cart\"><a href=\"?add-to-cart=12313\" aria-label=\"Dodaj do koszyka: &bdquo;950 PLN- czesne za semestr&rdquo;\" data-quantity=\"1\" data-product_id=\"12313\" data-product_sku=\"\" data-price=\"950\" rel=\"nofollow\" class=\"wp-block-button__link  add_to_cart_button ajax_add_to_cart\">Dodaj do koszyka<\/a><\/div>\n\t\t\t<\/li><li class=\"wc-block-grid__product\">\n\t\t\t\t<a href=\"https:\/\/platnosci-mup.pl\/?product=1450-pln-czesne-za-semestr\" class=\"wc-block-grid__product-link\">\n\t\t\t\t\t\n\t\t\t\t\t<div class=\"wc-block-grid__product-image\"><img loading=\"lazy\" decoding=\"async\" width=\"278\" height=\"216\" src=\"https:\/\/platnosci-mup.pl\/wp-content\/uploads\/2022\/06\/Zrzut-ekranu-2022-12-15-o-11.38.05-e1687933049672-278x216.png\" class=\"attachment-woocommerce_thumbnail size-woocommerce_thumbnail\" alt=\"1450 PLN- czesne za semestr\" \/><\/div>\n\t\t\t\t\t<div class=\"wc-block-grid__product-title\">1450 PLN- czesne za semestr<\/div>\n\t\t\t\t<\/a>\n\t\t\t\t<div class=\"wc-block-grid__product-price price\"><span class=\"woocommerce-Price-amount amount\">1450,00&nbsp;<span class=\"woocommerce-Price-currencySymbol\">&#122;&#322;<\/span><\/span><\/div>\n\t\t\t\t\n\t\t\t\t<div class=\"wp-block-button wc-block-grid__product-add-to-cart\"><a href=\"?add-to-cart=12314\" aria-label=\"Dodaj do koszyka: &bdquo;1450 PLN- czesne za semestr&rdquo;\" data-quantity=\"1\" data-product_id=\"12314\" data-product_sku=\"\" data-price=\"1450\" rel=\"nofollow\" class=\"wp-block-button__link  add_to_cart_button ajax_add_to_cart\">Dodaj do koszyka<\/a><\/div>\n\t\t\t<\/li><li class=\"wc-block-grid__product\">\n\t\t\t\t<a href=\"https:\/\/platnosci-mup.pl\/?product=1950-pln-czesne-za-semestr\" class=\"wc-block-grid__product-link\">\n\t\t\t\t\t\n\t\t\t\t\t<div class=\"wc-block-grid__product-image\"><img loading=\"lazy\" decoding=\"async\" width=\"278\" height=\"216\" src=\"https:\/\/platnosci-mup.pl\/wp-content\/uploads\/2022\/06\/Zrzut-ekranu-2022-12-15-o-11.38.05-e1687933049672-278x216.png\" class=\"attachment-woocommerce_thumbnail size-woocommerce_thumbnail\" alt=\"1805 PLN- czesne za rok\" \/><\/div>\n\t\t\t\t\t<div class=\"wc-block-grid__product-title\">1805 PLN- czesne za rok<\/div>\n\t\t\t\t<\/a>\n\t\t\t\t<div class=\"wc-block-grid__product-price price\"><span class=\"woocommerce-Price-amount amount\">1805,00&nbsp;<span class=\"woocommerce-Price-currencySymbol\">&#122;&#322;<\/span><\/span><\/div>\n\t\t\t\t\n\t\t\t\t<div class=\"wp-block-button wc-block-grid__product-add-to-cart\"><a href=\"?add-to-cart=12315\" aria-label=\"Dodaj do koszyka: &bdquo;1805 PLN- czesne za rok&rdquo;\" data-quantity=\"1\" data-product_id=\"12315\" data-product_sku=\"\" data-price=\"1805\" rel=\"nofollow\" class=\"wp-block-button__link  add_to_cart_button ajax_add_to_cart\">Dodaj do koszyka<\/a><\/div>\n\t\t\t<\/li><li class=\"wc-block-grid__product\">\n\t\t\t\t<a href=\"https:\/\/platnosci-mup.pl\/?product=2755-pln-czesne-za-rok\" class=\"wc-block-grid__product-link\">\n\t\t\t\t\t\n\t\t\t\t\t<div class=\"wc-block-grid__product-image\"><img loading=\"lazy\" decoding=\"async\" width=\"278\" height=\"216\" src=\"https:\/\/platnosci-mup.pl\/wp-content\/uploads\/2022\/06\/Zrzut-ekranu-2022-12-15-o-11.38.05-e1687933049672-278x216.png\" class=\"attachment-woocommerce_thumbnail size-woocommerce_thumbnail\" alt=\"2755 PLN- czesne za rok\" \/><\/div>\n\t\t\t\t\t<div class=\"wc-block-grid__product-title\">2755 PLN- czesne za rok<\/div>\n\t\t\t\t<\/a>\n\t\t\t\t<div class=\"wc-block-grid__product-price price\"><span class=\"woocommerce-Price-amount amount\">2755,00&nbsp;<span class=\"woocommerce-Price-currencySymbol\">&#122;&#322;<\/span><\/span><\/div>\n\t\t\t\t\n\t\t\t\t<div class=\"wp-block-button wc-block-grid__product-add-to-cart\"><a href=\"?add-to-cart=12316\" aria-label=\"Dodaj do koszyka: &bdquo;2755 PLN- czesne za rok&rdquo;\" data-quantity=\"1\" data-product_id=\"12316\" data-product_sku=\"\" data-price=\"2755\" rel=\"nofollow\" class=\"wp-block-button__link  add_to_cart_button ajax_add_to_cart\">Dodaj do koszyka<\/a><\/div>\n\t\t\t<\/li><\/ul><\/div><\/div>\n\t\t\t\t<\/div>\n\t\t\t\t\t<\/div>\n\t\t<\/div>\n\t\t\t\t\t<\/div>\n\t\t<\/section>\n\t\t\t\t<section class=\"elementor-section elementor-top-section elementor-element elementor-element-aa98863 elementor-section-boxed elementor-section-height-default elementor-section-height-default\" data-id=\"aa98863\" data-element_type=\"section\">\n\t\t\t\t\t\t<div class=\"elementor-container elementor-column-gap-default\">\n\t\t\t\t\t<div class=\"elementor-column elementor-col-100 elementor-top-column elementor-element elementor-element-1c91271\" data-id=\"1c91271\" data-element_type=\"column\">\n\t\t\t<div class=\"elementor-widget-wrap elementor-element-populated\">\n\t\t\t\t\t\t<div class=\"elementor-element elementor-element-62c7cb6 elementor-widget elementor-widget-text-editor\" data-id=\"62c7cb6\" data-element_type=\"widget\" data-widget_type=\"text-editor.default\">\n\t\t\t\t<div class=\"elementor-widget-container\">\n\t\t\t\t\t\t\t\t\t<h3 data-start=\"149\" data-end=\"210\">Informacja o prowizji przy p\u0142atno\u015bciach elektronicznych<\/h3>\n<p data-start=\"212\" data-end=\"505\">P\u0142atno\u015bci elektroniczne realizowane za po\u015brednictwem systemu <strong data-start=\"273\" data-end=\"310\">iMoje (Bank ING Bank \u015al\u0105ski S.A.)<\/strong> obci\u0105\u017cone s\u0105 prowizj\u0105 operatora p\u0142atno\u015bci.<br data-start=\"353\" data-end=\"356\" \/>Zgodnie z regulaminem, <strong data-start=\"379\" data-end=\"431\">koszt prowizji ponosi osoba dokonuj\u0105ca p\u0142atno\u015bci<\/strong> \u2013 op\u0142ata doliczana jest automatycznie w momencie realizacji transakcji.<\/p>\n<p data-start=\"507\" data-end=\"626\">Wysoko\u015b\u0107 prowizji zale\u017cy od wybranej metody p\u0142atno\u015bci i jest ka\u017cdorazowo prezentowana przed zatwierdzeniem p\u0142atno\u015bci.<\/p>\t\t\t\t\t\t\t\t<\/div>\n\t\t\t\t<\/div>\n\t\t\t\t\t<\/div>\n\t\t<\/div>\n\t\t\t\t\t<\/div>\n\t\t<\/section>\t\t<\/div>\n\t\t","protected":false},"excerpt":{"rendered":"<p>Informacja o prowizji przy p\u0142atno\u015bciach elektronicznych P\u0142atno\u015bci elektroniczne realizowane za po\u015brednictwem systemu iMoje (Bank ING Bank \u015al\u0105ski S.A.) obci\u0105\u017cone s\u0105 prowizj\u0105 operatora p\u0142atno\u015bci.Zgodnie z regulaminem, koszt prowizji ponosi osoba dokonuj\u0105ca p\u0142atno\u015bci \u2013 op\u0142ata doliczana jest automatycznie w momencie realizacji transakcji. Wysoko\u015b\u0107 prowizji zale\u017cy od wybranej metody p\u0142atno\u015bci i jest ka\u017cdorazowo prezentowana przed zatwierdzeniem p\u0142atno\u015bci.<\/p>\n","protected":false},"author":1,"featured_media":0,"parent":0,"menu_order":0,"comment_status":"closed","ping_status":"closed","template":"elementor_theme","meta":{"spay_email":"","footnotes":""},"class_list":["post-65","page","type-page","status-publish","hentry"],"_links":{"self":[{"href":"https:\/\/platnosci-mup.pl\/index.php?rest_route=\/wp\/v2\/pages\/65","targetHints":{"allow":["GET"]}}],"collection":[{"href":"https:\/\/platnosci-mup.pl\/index.php?rest_route=\/wp\/v2\/pages"}],"about":[{"href":"https:\/\/platnosci-mup.pl\/index.php?rest_route=\/wp\/v2\/types\/page"}],"author":[{"embeddable":true,"href":"https:\/\/platnosci-mup.pl\/index.php?rest_route=\/wp\/v2\/users\/1"}],"replies":[{"embeddable":true,"href":"https:\/\/platnosci-mup.pl\/index.php?rest_route=%2Fwp%2Fv2%2Fcomments&post=65"}],"version-history":[{"count":22,"href":"https:\/\/platnosci-mup.pl\/index.php?rest_route=\/wp\/v2\/pages\/65\/revisions"}],"predecessor-version":[{"id":12511,"href":"https:\/\/platnosci-mup.pl\/index.php?rest_route=\/wp\/v2\/pages\/65\/revisions\/12511"}],"wp:attachment":[{"href":"https:\/\/platnosci-mup.pl\/index.php?rest_route=%2Fwp%2Fv2%2Fmedia&parent=65"}],"curies":[{"name":"wp","href":"https:\/\/api.w.org\/{rel}","templated":true}]}}