{"id":3,"date":"2021-05-15T16:56:01","date_gmt":"2021-05-15T14:56:01","guid":{"rendered":"http:\/\/platnosci-mup.pl\/?page_id=3"},"modified":"2025-09-18T13:06:19","modified_gmt":"2025-09-18T11:06:19","slug":"polityka-prywatnosci","status":"publish","type":"page","link":"https:\/\/platnosci-mup.pl\/?page_id=3","title":{"rendered":"Polityka prywatno\u015bci"},"content":{"rendered":"\t\t<div data-elementor-type=\"wp-page\" data-elementor-id=\"3\" class=\"elementor elementor-3\">\n\t\t\t\t<section class=\"elementor-section elementor-top-section elementor-element elementor-element-37af0e5 elementor-section-boxed elementor-section-height-default elementor-section-height-default\" data-id=\"37af0e5\" data-element_type=\"section\">\n\t\t\t\t\t\t<div class=\"elementor-container elementor-column-gap-default\">\n\t\t\t\t\t<div class=\"elementor-column elementor-col-100 elementor-top-column elementor-element elementor-element-6c3287f7\" data-id=\"6c3287f7\" data-element_type=\"column\">\n\t\t\t<div class=\"elementor-widget-wrap elementor-element-populated\">\n\t\t\t\t\t\t<div class=\"elementor-element elementor-element-5aa9aaa3 elementor-widget elementor-widget-text-editor\" data-id=\"5aa9aaa3\" data-element_type=\"widget\" data-widget_type=\"text-editor.default\">\n\t\t\t\t<div class=\"elementor-widget-container\"><h2 class=\"wp-block-heading\" data-start=\"297\" data-end=\"325\">1. Administrator danych<\/h2>\n<p data-start=\"326\" data-end=\"568\">Administratorem danych osobowych zbieranych za po\u015brednictwem sklepu internetowego [adres strony] jest:<br data-start=\"428\" data-end=\"431\" \/><span data-teams=\"true\"><strong>Mi\u0119dzynarodowy Uniwersytet M\u0142odzie\u017cowy sp. z o.o.<\/strong><br \/>ul. Nowogrodzka 50-54, 00-695 Warszawa<br \/>NIP: 7011239837, REGON: 54060001200000 zwanym dalej Uniwersytetem M\u0142odzie\u017cowym<\/span>.<\/p>\n<h2 data-start=\"570\" data-end=\"611\">2. Zakres i cel przetwarzania danych<\/h2>\n<ol data-start=\"612\" data-end=\"1200\">\n<li data-start=\"612\" data-end=\"930\">\n<p data-start=\"615\" data-end=\"678\">Dane osobowe Klient\u00f3w s\u0105 przetwarzane w nast\u0119puj\u0105cych celach:<\/p>\n<ul data-start=\"682\" data-end=\"930\">\n<li data-start=\"682\" data-end=\"726\">\n<p data-start=\"684\" data-end=\"726\">realizacja zam\u00f3wie\u0144 z\u0142o\u017conych w sklepie,<\/p>\n<\/li>\n<li data-start=\"730\" data-end=\"752\">\n<p data-start=\"732\" data-end=\"752\">obs\u0142uga p\u0142atno\u015bci,<\/p>\n<\/li>\n<li data-start=\"756\" data-end=\"790\">\n<p data-start=\"758\" data-end=\"790\">wysy\u0142ka zam\u00f3wionych produkt\u00f3w,<\/p>\n<\/li>\n<li data-start=\"794\" data-end=\"827\">\n<p data-start=\"796\" data-end=\"827\">obs\u0142uga reklamacji i zwrot\u00f3w,<\/p>\n<\/li>\n<li data-start=\"831\" data-end=\"889\">\n<p data-start=\"833\" data-end=\"889\">kontakt w sprawach zwi\u0105zanych z realizacj\u0105 zam\u00f3wienia,<\/p>\n<\/li>\n<li data-start=\"893\" data-end=\"930\">\n<p data-start=\"895\" data-end=\"930\">prowadzenie rozlicze\u0144 ksi\u0119gowych.<\/p>\n<\/li>\n<\/ul>\n<\/li>\n<li data-start=\"931\" data-end=\"1200\">\n<p data-start=\"934\" data-end=\"1200\">Podstaw\u0105 prawn\u0105 przetwarzania danych osobowych jest art. 6 ust. 1 lit. b RODO (wykonanie umowy), art. 6 ust. 1 lit. c RODO (obowi\u0105zki prawne, np. podatkowe) oraz art. 6 ust. 1 lit. f RODO (prawnie uzasadniony interes administratora, np. obrona przed roszczeniami).<\/p>\n<\/li>\n<\/ol>\n<h2 data-start=\"1202\" data-end=\"1235\">3. Rodzaje zbieranych danych<\/h2>\n<p data-start=\"1236\" data-end=\"1295\">Administrator mo\u017ce przetwarza\u0107 nast\u0119puj\u0105ce dane Klient\u00f3w:<\/p>\n<ul data-start=\"1296\" data-end=\"1443\">\n<li data-start=\"1296\" data-end=\"1316\">\n<p data-start=\"1298\" data-end=\"1316\">imi\u0119 i nazwisko,<\/p>\n<\/li>\n<li data-start=\"1317\" data-end=\"1335\">\n<p data-start=\"1319\" data-end=\"1335\">adres dostawy,<\/p>\n<\/li>\n<li data-start=\"1336\" data-end=\"1353\">\n<p data-start=\"1338\" data-end=\"1353\">adres e-mail,<\/p>\n<\/li>\n<li data-start=\"1354\" data-end=\"1373\">\n<p data-start=\"1356\" data-end=\"1373\">numer telefonu,<\/p>\n<\/li>\n<li data-start=\"1414\" data-end=\"1443\">\n<p data-start=\"1416\" data-end=\"1443\">dane dotycz\u0105ce p\u0142atno\u015bci.<\/p>\n<\/li>\n<\/ul>\n<h2 data-start=\"1445\" data-end=\"1473\">4. Udost\u0119pnianie danych<\/h2>\n<ol data-start=\"1474\" data-end=\"1896\">\n<li data-start=\"1474\" data-end=\"1801\">\n<p data-start=\"1477\" data-end=\"1606\">Dane osobowe mog\u0105 by\u0107 przekazywane podmiotom wsp\u00f3\u0142pracuj\u0105cym z Administratorem w zakresie realizacji zam\u00f3wie\u0144, w szczeg\u00f3lno\u015bci:<\/p>\n<ul data-start=\"1610\" data-end=\"1801\">\n<li data-start=\"1648\" data-end=\"1750\">\n<p data-start=\"1650\" data-end=\"1750\">operatorom p\u0142atno\u015bci (np. PayU, Przelewy24, Stripe, PayPal \u2013 w zale\u017cno\u015bci od konfiguracji sklepu),<\/p>\n<\/li>\n<li data-start=\"1754\" data-end=\"1801\">\n<p data-start=\"1756\" data-end=\"1801\">biuru rachunkowemu prowadz\u0105cemu ksi\u0119gowo\u015b\u0107.<\/p>\n<\/li>\n<\/ul>\n<\/li>\n<li data-start=\"1802\" data-end=\"1896\">\n<p data-start=\"1805\" data-end=\"1896\">Dane osobowe nie s\u0105 sprzedawane ani przekazywane innym podmiotom w celach marketingowych.<\/p>\n<\/li>\n<\/ol>\n<h2 data-start=\"1898\" data-end=\"1933\">5. Okres przechowywania danych<\/h2>\n<ol data-start=\"1934\" data-end=\"2207\">\n<li data-start=\"1934\" data-end=\"2093\">\n<p data-start=\"1937\" data-end=\"2093\">Dane osobowe b\u0119d\u0105 przechowywane przez okres niezb\u0119dny do realizacji zam\u00f3wienia oraz przez czas wymagany przepisami prawa (np. podatkowymi i rachunkowymi).<\/p>\n<\/li>\n<li data-start=\"2094\" data-end=\"2207\">\n<p data-start=\"2097\" data-end=\"2207\">Po tym okresie dane mog\u0105 by\u0107 przechowywane w celach dowodowych do czasu przedawnienia ewentualnych roszcze\u0144.<\/p>\n<\/li>\n<\/ol>\n<h2 data-start=\"2209\" data-end=\"2249\">6. Prawa os\u00f3b, kt\u00f3rych dane dotycz\u0105<\/h2>\n<p data-start=\"2250\" data-end=\"2291\">Ka\u017cdemu Klientowi przys\u0142uguje prawo do:<\/p>\n<ul data-start=\"2292\" data-end=\"2533\">\n<li data-start=\"2292\" data-end=\"2321\">\n<p data-start=\"2294\" data-end=\"2321\">dost\u0119pu do swoich danych,<\/p>\n<\/li>\n<li data-start=\"2322\" data-end=\"2346\">\n<p data-start=\"2324\" data-end=\"2346\">sprostowania danych,<\/p>\n<\/li>\n<li data-start=\"2347\" data-end=\"2368\">\n<p data-start=\"2349\" data-end=\"2368\">usuni\u0119cia danych,<\/p>\n<\/li>\n<li data-start=\"2369\" data-end=\"2400\">\n<p data-start=\"2371\" data-end=\"2400\">ograniczenia przetwarzania,<\/p>\n<\/li>\n<li data-start=\"2401\" data-end=\"2425\">\n<p data-start=\"2403\" data-end=\"2425\">przenoszenia danych,<\/p>\n<\/li>\n<li data-start=\"2426\" data-end=\"2460\">\n<p data-start=\"2428\" data-end=\"2460\">sprzeciwu wobec przetwarzania,<\/p>\n<\/li>\n<li data-start=\"2461\" data-end=\"2533\">\n<p data-start=\"2463\" data-end=\"2533\">wniesienia skargi do Prezesa Urz\u0119du Ochrony Danych Osobowych (UODO).<\/p>\n<\/li>\n<\/ul>\n<h2 data-start=\"2535\" data-end=\"2556\">7. Pliki cookies<\/h2>\n<ol data-start=\"2557\" data-end=\"2784\">\n<li data-start=\"2557\" data-end=\"2684\">\n<p data-start=\"2560\" data-end=\"2684\">Sklep korzysta z plik\u00f3w cookies w celu prawid\u0142owego dzia\u0142ania strony, u\u0142atwienia korzystania oraz w celach statystycznych.<\/p>\n<\/li>\n<li data-start=\"2685\" data-end=\"2784\">\n<p data-start=\"2688\" data-end=\"2784\">U\u017cytkownik mo\u017ce zarz\u0105dza\u0107 plikami cookies poprzez ustawienia swojej przegl\u0105darki internetowej.<\/p>\n<\/li>\n<\/ol>\n<h2 data-start=\"2786\" data-end=\"2815\">8. Zabezpieczenia danych<\/h2>\n<p data-start=\"2816\" data-end=\"2963\">Administrator stosuje odpowiednie \u015brodki techniczne i organizacyjne zapewniaj\u0105ce ochron\u0119 przetwarzanych danych osobowych, zgodne z wymogami RODO.<\/p>\n<h2 data-start=\"2965\" data-end=\"2980\">9. Kontakt<\/h2>\n<p data-start=\"2981\" data-end=\"3107\">W sprawach zwi\u0105zanych z ochron\u0105 danych osobowych mo\u017cna kontaktowa\u0107 si\u0119 z Administratorem pod adresem e-mail: [adres e-mail].<\/p><\/div>\n\t\t\t\t<\/div>\n\t\t\t\t\t<\/div>\n\t\t<\/div>\n\t\t\t\t\t<\/div>\n\t\t<\/section>\n\t\t\t\t<section class=\"elementor-section elementor-top-section elementor-element elementor-element-372e0a4 elementor-section-boxed elementor-section-height-default elementor-section-height-default\" data-id=\"372e0a4\" data-element_type=\"section\">\n\t\t\t\t\t\t<div class=\"elementor-container elementor-column-gap-default\">\n\t\t\t\t\t<div class=\"elementor-column elementor-col-100 elementor-top-column elementor-element elementor-element-7a62e6e\" data-id=\"7a62e6e\" data-element_type=\"column\">\n\t\t\t<div class=\"elementor-widget-wrap elementor-element-populated\">\n\t\t\t\t\t\t<div class=\"elementor-element elementor-element-dd166bf elementor-widget elementor-widget-text-editor\" data-id=\"dd166bf\" data-element_type=\"widget\" data-widget_type=\"text-editor.default\">\n\t\t\t\t<div class=\"elementor-widget-container\">\n\t\t\t\t\t\t\t\t\t<h1><b>Regulamin korzystania z systemu p\u0142atno\u015bci online Uniwersytetu M\u0142odzie\u017cowego<\/b><\/h1>\n<h2><b>1. Postanowienia og\u00f3lne<\/b><\/h2>\n<p><span style=\"font-weight: 400;\">System p\u0142atno\u015bci online dost\u0119pny na stronie<\/span><a href=\"http:\/\/www.uniw.edu.pl\"> <b>www.uniw.edu.pl<\/b><\/a><span style=\"font-weight: 400;\"> umo\u017cliwia studentom oraz ich opiekunom dokonywanie p\u0142atno\u015bci z tytu\u0142u czesnego oraz innych op\u0142at przewidzianych w umowie o \u015bwiadczenie nauki.<\/span><\/p>\n<p><span style=\"font-weight: 400;\">Administratorem systemu i podmiotem przyjmuj\u0105cym p\u0142atno\u015bci jest:<\/span><span style=\"font-weight: 400;\"><br \/><\/span><b>Mi\u0119dzynarodowy Uniwersytet M\u0142odzie\u017cowy sp. z o.o.<\/b><b><br \/><\/b><span style=\"font-weight: 400;\"> ul. Nowogrodzka 50-54, 00-695 Warszawa<\/span><span style=\"font-weight: 400;\"><br \/><\/span><span style=\"font-weight: 400;\"> NIP: 7011239837, REGON: 54060001200000 zwanym dalej Uniwersytetem M\u0142odzie\u017cowym<\/span><\/p>\n<h2><b>2. Zakres dzia\u0142ania systemu<\/b><\/h2>\n<ol>\n<li style=\"font-weight: 400;\" aria-level=\"1\"><span style=\"font-weight: 400;\">System p\u0142atno\u015bci online s\u0142u\u017cy wy\u0142\u0105cznie do obs\u0142ugi p\u0142atno\u015bci wynikaj\u0105cych z zawartej umowy pomi\u0119dzy studentem (lub jego opiekunem prawnym) a Uniwersytetem M\u0142odzie\u017cowym.<\/span><\/li>\n<li style=\"font-weight: 400;\" aria-level=\"1\"><span style=\"font-weight: 400;\">System nie jest sklepem internetowym i nie prowadzi sprzeda\u017cy towar\u00f3w ani us\u0142ug.<\/span><\/li>\n<\/ol>\n<h2><b>3. Formy p\u0142atno\u015bci<\/b><\/h2>\n<ol>\n<li style=\"font-weight: 400;\" aria-level=\"1\"><span style=\"font-weight: 400;\">P\u0142atno\u015bci mog\u0105 by\u0107 realizowane poprzez:<\/span>\n<ul>\n<li style=\"font-weight: 400;\" aria-level=\"2\"><span style=\"font-weight: 400;\">przelew online,<\/span><\/li>\n<li style=\"font-weight: 400;\" aria-level=\"2\"><span style=\"font-weight: 400;\">kart\u0119 p\u0142atnicz\u0105,<\/span><\/li>\n<li style=\"font-weight: 400;\" aria-level=\"2\"><span style=\"font-weight: 400;\">BLIK,<\/span><\/li>\n<li style=\"font-weight: 400;\" aria-level=\"2\"><span style=\"font-weight: 400;\">inne metody udost\u0119pnione przez operatora p\u0142atno\u015bci.<\/span><\/li>\n<\/ul>\n<\/li>\n<li style=\"font-weight: 400;\" aria-level=\"1\"><span style=\"font-weight: 400;\">Obs\u0142ug\u0119 p\u0142atno\u015bci elektronicznych zapewnia operator bramki p\u0142atniczej: <\/span><b>iMoje ING<\/b><span style=\"font-weight: 400;\">.<\/span><\/li>\n<\/ol>\n<h2><b>4. Zasady rozlicze\u0144<\/b><\/h2>\n<ol>\n<li style=\"font-weight: 400;\" aria-level=\"1\"><span style=\"font-weight: 400;\">P\u0142atno\u015b\u0107 dokonana poprzez system online jest r\u00f3wnoznaczna z uregulowaniem zobowi\u0105zania finansowego wynikaj\u0105cego z umowy o \u015bwiadczenie nauki.<\/span><\/li>\n<li style=\"font-weight: 400;\" aria-level=\"1\"><span style=\"font-weight: 400;\">Dow\u00f3d dokonania p\u0142atno\u015bci stanowi potwierdzenie wygenerowane przez system operatora p\u0142atno\u015bci.<\/span><\/li>\n<li style=\"font-weight: 400;\" aria-level=\"1\"><span style=\"font-weight: 400;\">Uniwersytet M\u0142odzie\u017cowy nie ponosi odpowiedzialno\u015bci za przerwy techniczne w dzia\u0142aniu operatora p\u0142atno\u015bci.<\/span><\/li>\n<\/ol>\n<h2><b>5. Informacja o prowizji przy p\u0142atno\u015bciach elektronicznych<\/b><\/h2>\n<ol>\n<li style=\"font-weight: 400;\" aria-level=\"1\"><span style=\"font-weight: 400;\">P\u0142atno\u015bci elektroniczne realizowane za po\u015brednictwem systemu <\/span><b>iMoje (Bank ING Bank \u015al\u0105ski S.A.)<\/b><span style=\"font-weight: 400;\"> obci\u0105\u017cone s\u0105 prowizj\u0105 operatora p\u0142atno\u015bci.<\/span><\/li>\n<li style=\"font-weight: 400;\" aria-level=\"1\"><span style=\"font-weight: 400;\">Zgodnie z niniejszym regulaminem, koszt prowizji ponosi osoba dokonuj\u0105ca p\u0142atno\u015bci \u2013 op\u0142ata doliczana jest automatycznie w momencie realizacji transakcji.<\/span><\/li>\n<li style=\"font-weight: 400;\" aria-level=\"1\"><span style=\"font-weight: 400;\">Wysoko\u015b\u0107 prowizji zale\u017cy od wybranej metody p\u0142atno\u015bci i jest ka\u017cdorazowo prezentowana przed zatwierdzeniem p\u0142atno\u015bci.<\/span><\/li>\n<\/ol>\n<h2><b>6. Reklamacje i zwroty<\/b><\/h2>\n<ol>\n<li style=\"font-weight: 400;\" aria-level=\"1\"><span style=\"font-weight: 400;\">W przypadku b\u0142\u0119dnej p\u0142atno\u015bci nale\u017cy skontaktowa\u0107 si\u0119 z Dziekanatem Uniwersytetu M\u0142odzie\u017cowego:<\/span><span style=\"font-weight: 400;\"><br \/><\/span><span style=\"font-weight: 400;\"> &#8211;\u00a0 kwestura@uniwersytetmlodziezowy.edu.pl<\/span><span style=\"font-weight: 400;\"><br \/><\/span><span style=\"font-weight: 400;\"> &#8211;\u00a0 731 610 450<\/span><\/li>\n<li style=\"font-weight: 400;\" aria-level=\"1\"><span style=\"font-weight: 400;\">Ewentualne zwroty \u015brodk\u00f3w odbywaj\u0105 si\u0119 zgodnie z zawart\u0105 umow\u0105 o \u015bwiadczenie nauki oraz obowi\u0105zuj\u0105cymi przepisami prawa.<\/span><\/li>\n<\/ol>\n<h2><b>7. Dane osobowe<\/b><\/h2>\n<ol>\n<li style=\"font-weight: 400;\" aria-level=\"1\"><span style=\"font-weight: 400;\">Administratorem danych osobowych jest <\/span><b>Mi\u0119dzynarodowy Uniwersytet M\u0142odzie\u017cowy sp. z o.o.<\/b><\/li>\n<li style=\"font-weight: 400;\" aria-level=\"1\"><span style=\"font-weight: 400;\">Dane osobowe s\u0105 przetwarzane w celu realizacji p\u0142atno\u015bci i obs\u0142ugi zobowi\u0105za\u0144 wynikaj\u0105cych z umowy o \u015bwiadczenie nauki.<\/span><\/li>\n<li style=\"font-weight: 400;\" aria-level=\"1\"><span style=\"font-weight: 400;\">Szczeg\u00f3\u0142owe zasady przetwarzania danych osobowych okre\u015bla Polityka prywatno\u015bci dost\u0119pna pod adresem: <\/span><a href=\"https:\/\/platnosci-mup.pl\/?page_id=3\"><b>https:\/\/platnosci-mup.pl\/?page_id=3<\/b><\/a><span style=\"font-weight: 400;\">.<\/span><\/li>\n<\/ol>\n<h2><b>8. Postanowienia ko\u0144cowe<\/b><\/h2>\n<ol>\n<li style=\"font-weight: 400;\" aria-level=\"1\"><span style=\"font-weight: 400;\">Regulamin dost\u0119pny jest nieodp\u0142atnie na stronie internetowej Uniwersytetu M\u0142odzie\u017cowego <\/span><a href=\"https:\/\/uniw.edu.pl\/akty-prawne\/\"><span style=\"font-weight: 400;\">https:\/\/uniw.edu.pl\/akty-prawne\/<\/span><\/a><span style=\"font-weight: 400;\">.<\/span><\/li>\n<li style=\"font-weight: 400;\" aria-level=\"1\"><span style=\"font-weight: 400;\">W sprawach nieuregulowanych niniejszym regulaminem maj\u0105 zastosowanie postanowienia umowy o \u015bwiadczenie nauki oraz przepisy prawa polskiego.<\/span><\/li>\n<\/ol>\n<p><br \/><br \/><\/p>\t\t\t\t\t\t\t\t<\/div>\n\t\t\t\t<\/div>\n\t\t\t\t\t<\/div>\n\t\t<\/div>\n\t\t\t\t\t<\/div>\n\t\t<\/section>\t\t<\/div>\n\t\t","protected":false},"excerpt":{"rendered":"<p>1. Administrator danych Administratorem danych osobowych zbieranych za po\u015brednictwem sklepu internetowego [adres strony] jest:Mi\u0119dzynarodowy Uniwersytet M\u0142odzie\u017cowy sp. z o.o.ul. Nowogrodzka 50-54, 00-695 WarszawaNIP: 7011239837, REGON: 54060001200000 zwanym dalej Uniwersytetem M\u0142odzie\u017cowym. 2. Zakres i cel przetwarzania danych Dane osobowe Klient\u00f3w s\u0105 przetwarzane w nast\u0119puj\u0105cych celach: realizacja zam\u00f3wie\u0144 z\u0142o\u017conych w sklepie, obs\u0142uga p\u0142atno\u015bci, wysy\u0142ka zam\u00f3wionych produkt\u00f3w, obs\u0142uga [&hellip;]<\/p>\n","protected":false},"author":1,"featured_media":0,"parent":0,"menu_order":0,"comment_status":"closed","ping_status":"open","template":"","meta":{"spay_email":"","footnotes":""},"class_list":["post-3","page","type-page","status-publish","hentry"],"_links":{"self":[{"href":"https:\/\/platnosci-mup.pl\/index.php?rest_route=\/wp\/v2\/pages\/3","targetHints":{"allow":["GET"]}}],"collection":[{"href":"https:\/\/platnosci-mup.pl\/index.php?rest_route=\/wp\/v2\/pages"}],"about":[{"href":"https:\/\/platnosci-mup.pl\/index.php?rest_route=\/wp\/v2\/types\/page"}],"author":[{"embeddable":true,"href":"https:\/\/platnosci-mup.pl\/index.php?rest_route=\/wp\/v2\/users\/1"}],"replies":[{"embeddable":true,"href":"https:\/\/platnosci-mup.pl\/index.php?rest_route=%2Fwp%2Fv2%2Fcomments&post=3"}],"version-history":[{"count":6,"href":"https:\/\/platnosci-mup.pl\/index.php?rest_route=\/wp\/v2\/pages\/3\/revisions"}],"predecessor-version":[{"id":12595,"href":"https:\/\/platnosci-mup.pl\/index.php?rest_route=\/wp\/v2\/pages\/3\/revisions\/12595"}],"wp:attachment":[{"href":"https:\/\/platnosci-mup.pl\/index.php?rest_route=%2Fwp%2Fv2%2Fmedia&parent=3"}],"curies":[{"name":"wp","href":"https:\/\/api.w.org\/{rel}","templated":true}]}}